{"id":575,"date":"2025-11-01T00:05:36","date_gmt":"2025-11-01T00:05:36","guid":{"rendered":"https:\/\/insuranceandfinance-mp.com\/?page_id=575"},"modified":"2025-11-01T00:21:15","modified_gmt":"2025-11-01T00:21:15","slug":"join-us","status":"publish","type":"page","link":"https:\/\/insuranceandfinance-mp.com\/es\/join-us\/","title":{"rendered":"Join Us"},"content":{"rendered":"<div data-elementor-type=\"wp-page\" data-elementor-id=\"575\" class=\"elementor elementor-575\" data-elementor-post-type=\"page\">\n\t\t\t\t<div class=\"elementor-element elementor-element-322ded17 e-flex e-con-boxed elementor-invisible e-con e-parent\" data-id=\"322ded17\" data-element_type=\"container\" id=\"Join-Us\" data-settings=\"{&quot;background_background&quot;:&quot;classic&quot;,&quot;animation&quot;:&quot;fadeInUp&quot;}\">\n\t\t\t\t\t<div class=\"e-con-inner\">\n\t\t<div class=\"elementor-element elementor-element-3c69ffa3 e-con-full e-flex e-con e-child\" data-id=\"3c69ffa3\" data-element_type=\"container\" id=\"Jon-Us\">\n\t\t\t\t<div class=\"elementor-element elementor-element-25d68986 elementor-widget elementor-widget-heading\" data-id=\"25d68986\" data-element_type=\"widget\" data-widget_type=\"heading.default\">\n\t\t\t\t\t<h2 class=\"elementor-heading-title elementor-size-default\">\u00danete a nosotros \u2014 Desarrolla tu carrera en el sector financiero<\/h2>\t\t\t\t<\/div>\n\t\t\t\t<div class=\"elementor-element elementor-element-e517345 elementor-widget elementor-widget-heading\" data-id=\"e517345\" data-element_type=\"widget\" data-widget_type=\"heading.default\">\n\t\t\t\t\t<div class=\"elementor-heading-title elementor-size-default\">\u00bfTe gustar\u00eda iniciar una carrera en el sector financiero, incluso sin experiencia previa? En Experior Financial Group, tienes la oportunidad de convertirte en agente financiero certificado, ganar comisiones justas y desarrollar tu propio negocio con mi mentor\u00eda y un equipo verdaderamente comprometido con tu \u00e9xito.<br><br>\nNuestro equipo est\u00e1 creciendo a nivel nacional, con agentes autorizados que actualmente operan en California, Texas, Florida, Washington y muchos otros estados de los Estados Unidos.<br><br>\n- Puedes unirte a nosotros sin importar d\u00f3nde vivas.<br>\n- Recibir\u00e1s formaci\u00f3n completa, tutor\u00eda y apoyo en ingl\u00e9s o espa\u00f1ol.<br><br>\nTanto si eres nuevo en el sector, como si eres un agente activo que busca mejores oportunidades, o si a\u00fan no tienes licencia, aqu\u00ed encontrar\u00e1s desarrollo profesional, un liderazgo claro y un plan de crecimiento real.<br><br>\nDa el paso hacia la independencia financiera y ayuda a m\u00e1s familias a asegurar su futuro, mientras construyes el tuyo.\n<\/div>\t\t\t\t<\/div>\n\t\t<div class=\"elementor-element elementor-element-ffc0e7f e-grid e-con-full e-con e-child\" data-id=\"ffc0e7f\" data-element_type=\"container\">\n\t\t\t\t<div class=\"elementor-element elementor-element-377298a5 elementor-align-justify elementor-widget elementor-widget-button\" data-id=\"377298a5\" data-element_type=\"widget\" data-widget_type=\"button.default\">\n\t\t\t\t\t\t\t\t\t\t<a class=\"elementor-button elementor-button-link elementor-size-sm\" href=\"https:\/\/api.whatsapp.com\/send\/?phone=12533106415&#038;text&#038;type=phone_number&#038;app_absent=0\">\n\t\t\t\t\t\t<span class=\"elementor-button-content-wrapper\">\n\t\t\t\t\t\t<span class=\"elementor-button-icon\">\n\t\t\t\t<i aria-hidden=\"true\" class=\"icon icon-whatsapp-1\"><\/i>\t\t\t<\/span>\n\t\t\t\t\t\t\t\t\t<span class=\"elementor-button-text\">WhatsApp<\/span>\n\t\t\t\t\t<\/span>\n\t\t\t\t\t<\/a>\n\t\t\t\t\t\t\t\t<\/div>\n\t\t\t\t<div class=\"elementor-element elementor-element-513854e4 elementor-align-justify elementor-widget elementor-widget-button\" data-id=\"513854e4\" data-element_type=\"widget\" data-widget_type=\"button.default\">\n\t\t\t\t\t\t\t\t\t\t<a class=\"elementor-button elementor-button-link elementor-size-sm\" href=\"https:\/\/api.whatsapp.com\/send\/?phone=12533106415&#038;text&#038;type=phone_number&#038;app_absent=0\">\n\t\t\t\t\t\t<span class=\"elementor-button-content-wrapper\">\n\t\t\t\t\t\t<span class=\"elementor-button-icon\">\n\t\t\t\t<svg aria-hidden=\"true\" class=\"e-font-icon-svg e-fas-phone-alt\" viewbox=\"0 0 512 512\" xmlns=\"http:\/\/www.w3.org\/2000\/svg\"><path d=\"M497.39 361.8l-112-48a24 24 0 0 0-28 6.9l-49.6 60.6A370.66 370.66 0 0 1 130.6 204.11l60.6-49.6a23.94 23.94 0 0 0 6.9-28l-48-112A24.16 24.16 0 0 0 122.6.61l-104 24A24 24 0 0 0 0 48c0 256.5 207.9 464 464 464a24 24 0 0 0 23.4-18.6l24-104a24.29 24.29 0 0 0-14.01-27.6z\"><\/path><\/svg>\t\t\t<\/span>\n\t\t\t\t\t\t\t\t\t<span class=\"elementor-button-text\">253 310 6415<\/span>\n\t\t\t\t\t<\/span>\n\t\t\t\t\t<\/a>\n\t\t\t\t\t\t\t\t<\/div>\n\t\t\t\t<div class=\"elementor-element elementor-element-2efffcb5 elementor-align-justify elementor-widget elementor-widget-button\" data-id=\"2efffcb5\" data-element_type=\"widget\" data-widget_type=\"button.default\">\n\t\t\t\t\t\t\t\t\t\t<a class=\"elementor-button elementor-button-link elementor-size-sm\" href=\"https:\/\/calendly.com\/maribelpike\">\n\t\t\t\t\t\t<span class=\"elementor-button-content-wrapper\">\n\t\t\t\t\t\t<span class=\"elementor-button-icon\">\n\t\t\t\t<svg aria-hidden=\"true\" class=\"e-font-icon-svg e-fas-calendar-alt\" viewbox=\"0 0 448 512\" xmlns=\"http:\/\/www.w3.org\/2000\/svg\"><path d=\"M0 464c0 26.5 21.5 48 48 48h352c26.5 0 48-21.5 48-48V192H0v272zm320-196c0-6.6 5.4-12 12-12h40c6.6 0 12 5.4 12 12v40c0 6.6-5.4 12-12 12h-40c-6.6 0-12-5.4-12-12v-40zm0 128c0-6.6 5.4-12 12-12h40c6.6 0 12 5.4 12 12v40c0 6.6-5.4 12-12 12h-40c-6.6 0-12-5.4-12-12v-40zM192 268c0-6.6 5.4-12 12-12h40c6.6 0 12 5.4 12 12v40c0 6.6-5.4 12-12 12h-40c-6.6 0-12-5.4-12-12v-40zm0 128c0-6.6 5.4-12 12-12h40c6.6 0 12 5.4 12 12v40c0 6.6-5.4 12-12 12h-40c-6.6 0-12-5.4-12-12v-40zM64 268c0-6.6 5.4-12 12-12h40c6.6 0 12 5.4 12 12v40c0 6.6-5.4 12-12 12H76c-6.6 0-12-5.4-12-12v-40zm0 128c0-6.6 5.4-12 12-12h40c6.6 0 12 5.4 12 12v40c0 6.6-5.4 12-12 12H76c-6.6 0-12-5.4-12-12v-40zM400 64h-48V16c0-8.8-7.2-16-16-16h-32c-8.8 0-16 7.2-16 16v48H160V16c0-8.8-7.2-16-16-16h-32c-8.8 0-16 7.2-16 16v48H48C21.5 64 0 85.5 0 112v48h448v-48c0-26.5-21.5-48-48-48z\"><\/path><\/svg>\t\t\t<\/span>\n\t\t\t\t\t\t\t\t\t<span class=\"elementor-button-text\">Reserva una cita<\/span>\n\t\t\t\t\t<\/span>\n\t\t\t\t\t<\/a>\n\t\t\t\t\t\t\t\t<\/div>\n\t\t\t\t<\/div>\n\t\t\t\t<\/div>\n\t\t\t\t<div class=\"elementor-element elementor-element-6e6cf7f elementor-widget elementor-widget-html\" data-id=\"6e6cf7f\" data-element_type=\"widget\" data-widget_type=\"html.default\">\n\t\t\t\t\t<script>\r\ndocument.addEventListener('DOMContentLoaded', function() {\r\n  \/\/ Espera a que Elementor cargue las pesta\u00f1as\r\n  const tabs = document.querySelectorAll('.elementor-tab-title');\r\n  const contents = document.querySelectorAll('.elementor-tab-content');\r\n  \r\n  \/\/ Quita la clase \"active\" para cerrarlas todas\r\n  tabs.forEach(tab => tab.classList.remove('elementor-active'));\r\n  contents.forEach(content => {\r\n    content.style.display = 'none';\r\n  });\r\n});\r\n<\/script>\t\t\t\t<\/div>\n\t\t\t\t\t<\/div>\n\t\t\t\t<\/div>\n\t\t\t\t<\/div>","protected":false},"excerpt":{"rendered":"<p>Join Us \u2014 Build Your Career in the Financial Industry Would you like to start a career in the financial industry \u2014 even with no prior experience? At Experior Financial Group, you have the opportunity to become a licensed financial agent, earn fair commissions, and build your own business with my mentorship and a team [&hellip;]<\/p>","protected":false},"author":1,"featured_media":0,"parent":0,"menu_order":0,"comment_status":"closed","ping_status":"closed","template":"","meta":{"_joinchat":[],"footnotes":""},"class_list":["post-575","page","type-page","status-publish","hentry"],"_links":{"self":[{"href":"https:\/\/insuranceandfinance-mp.com\/es\/wp-json\/wp\/v2\/pages\/575","targetHints":{"allow":["GET"]}}],"collection":[{"href":"https:\/\/insuranceandfinance-mp.com\/es\/wp-json\/wp\/v2\/pages"}],"about":[{"href":"https:\/\/insuranceandfinance-mp.com\/es\/wp-json\/wp\/v2\/types\/page"}],"author":[{"embeddable":true,"href":"https:\/\/insuranceandfinance-mp.com\/es\/wp-json\/wp\/v2\/users\/1"}],"replies":[{"embeddable":true,"href":"https:\/\/insuranceandfinance-mp.com\/es\/wp-json\/wp\/v2\/comments?post=575"}],"version-history":[{"count":19,"href":"https:\/\/insuranceandfinance-mp.com\/es\/wp-json\/wp\/v2\/pages\/575\/revisions"}],"predecessor-version":[{"id":620,"href":"https:\/\/insuranceandfinance-mp.com\/es\/wp-json\/wp\/v2\/pages\/575\/revisions\/620"}],"wp:attachment":[{"href":"https:\/\/insuranceandfinance-mp.com\/es\/wp-json\/wp\/v2\/media?parent=575"}],"curies":[{"name":"wp","href":"https:\/\/api.w.org\/{rel}","templated":true}]}}