{"id":288,"date":"2025-10-29T22:27:09","date_gmt":"2025-10-29T22:27:09","guid":{"rendered":"https:\/\/insuranceandfinance-mp.com\/?page_id=288"},"modified":"2025-11-07T17:57:42","modified_gmt":"2025-11-07T17:57:42","slug":"life-insurance","status":"publish","type":"page","link":"https:\/\/insuranceandfinance-mp.com\/es\/life-insurance\/","title":{"rendered":"Seguro de vida"},"content":{"rendered":"<div data-elementor-type=\"wp-page\" data-elementor-id=\"288\" class=\"elementor elementor-288\" data-elementor-post-type=\"page\">\n\t\t\t\t<div class=\"elementor-element elementor-element-3c05ecac e-flex e-con-boxed e-con e-parent\" data-id=\"3c05ecac\" data-element_type=\"container\" data-settings=\"{&quot;background_background&quot;:&quot;classic&quot;}\">\n\t\t\t\t\t<div class=\"e-con-inner\">\n\t\t<div class=\"elementor-element elementor-element-73a3a9a4 e-flex e-con-boxed elementor-invisible e-con e-child\" data-id=\"73a3a9a4\" data-element_type=\"container\" data-settings=\"{&quot;background_background&quot;:&quot;classic&quot;,&quot;animation&quot;:&quot;fadeInUp&quot;}\">\n\t\t\t\t\t<div class=\"e-con-inner\">\n\t\t\t\t<div class=\"elementor-element elementor-element-62eb9acb elementor-widget elementor-widget-heading\" data-id=\"62eb9acb\" data-element_type=\"widget\" data-widget_type=\"heading.default\">\n\t\t\t\t\t<h1 class=\"elementor-heading-title elementor-size-default\">Seguro de vida<\/h1>\t\t\t\t<\/div>\n\t\t\t\t<div class=\"elementor-element elementor-element-f23517d elementor-widget elementor-widget-heading\" data-id=\"f23517d\" data-element_type=\"widget\" data-widget_type=\"heading.default\">\n\t\t\t\t\t<h4 class=\"elementor-heading-title elementor-size-default\">Protege tu futuro, toma el control de tus finanzas.\n\n\n\n<\/h4>\t\t\t\t<\/div>\n\t\t\t\t\t<\/div>\n\t\t\t\t<\/div>\n\t\t\t\t\t<\/div>\n\t\t\t\t<\/div>\n\t\t<div class=\"elementor-element elementor-element-159eb1e9 e-flex e-con-boxed e-con e-parent\" data-id=\"159eb1e9\" data-element_type=\"container\">\n\t\t\t\t\t<div class=\"e-con-inner\">\n\t\t<div class=\"elementor-element elementor-element-1e9c359b e-con-full e-flex elementor-invisible e-con e-child\" data-id=\"1e9c359b\" data-element_type=\"container\" data-settings=\"{&quot;animation&quot;:&quot;fadeInLeft&quot;}\">\n\t\t\t\t<div class=\"elementor-element elementor-element-34efe47a elementor-widget elementor-widget-heading\" data-id=\"34efe47a\" data-element_type=\"widget\" data-widget_type=\"heading.default\">\n\t\t\t\t\t<h6 class=\"elementor-heading-title elementor-size-default\">Maribel Pike<\/h6>\t\t\t\t<\/div>\n\t\t\t\t<div class=\"elementor-element elementor-element-78c3abc2 elementor-widget elementor-widget-heading\" data-id=\"78c3abc2\" data-element_type=\"widget\" data-widget_type=\"heading.default\">\n\t\t\t\t\t<h2 class=\"elementor-heading-title elementor-size-default\">Seguro de vida<\/h2>\t\t\t\t<\/div>\n\t\t\t\t<div class=\"elementor-element elementor-element-64e564eb elementor-widget elementor-widget-heading\" data-id=\"64e564eb\" data-element_type=\"widget\" data-widget_type=\"heading.default\">\n\t\t\t\t\t<div class=\"elementor-heading-title elementor-size-default\">Proteja lo que m\u00e1s le importa: su familia. Como agente de seguros de vida, le ayudo a dise\u00f1ar un plan que se ajuste a sus objetivos y presupuesto, brind\u00e1ndole estabilidad y tranquilidad. Ya sea que su prioridad sea cubrir los gastos familiares, una hipoteca o dejar un legado, le mostrar\u00e9 c\u00f3mo un seguro de vida puede convertirse en una poderosa herramienta para la protecci\u00f3n y el crecimiento financiero.\n<\/div>\t\t\t\t<\/div>\n\t\t\t\t<div class=\"elementor-element elementor-element-d4bce59 elementor-widget elementor-widget-global elementor-global-594 elementor-widget-button\" data-id=\"d4bce59\" data-element_type=\"widget\" data-widget_type=\"button.default\">\n\t\t\t\t\t\t\t\t\t\t<a class=\"elementor-button elementor-button-link elementor-size-sm\" href=\"https:\/\/api.whatsapp.com\/send\/?phone=12533106415&#038;text&#038;type=phone_number&#038;app_absent=0\">\n\t\t\t\t\t\t<span class=\"elementor-button-content-wrapper\">\n\t\t\t\t\t\t<span class=\"elementor-button-icon\">\n\t\t\t\t<i aria-hidden=\"true\" class=\"icon icon-whatsapp-1\"><\/i>\t\t\t<\/span>\n\t\t\t\t\t\t\t\t\t<span class=\"elementor-button-text\">253 310 6415<\/span>\n\t\t\t\t\t<\/span>\n\t\t\t\t\t<\/a>\n\t\t\t\t\t\t\t\t<\/div>\n\t\t\t\t<\/div>\n\t\t<div class=\"elementor-element elementor-element-6ccfd0a4 e-con-full e-flex elementor-invisible e-con e-child\" data-id=\"6ccfd0a4\" data-element_type=\"container\" data-settings=\"{&quot;animation&quot;:&quot;bounceInUp&quot;}\">\n\t\t\t\t<div class=\"elementor-element elementor-element-fa30bfd elementor-widget elementor-widget-image\" data-id=\"fa30bfd\" data-element_type=\"widget\" data-widget_type=\"image.default\">\n\t\t\t\t\t\t\t\t\t\t\t\t\t\t\t<img fetchpriority=\"high\" decoding=\"async\" width=\"800\" height=\"602\" src=\"https:\/\/insuranceandfinance-mp.com\/wp-content\/uploads\/2025\/10\/Life-Insurance-Section.png\" class=\"attachment-large size-large wp-image-349\" alt=\"\" srcset=\"https:\/\/insuranceandfinance-mp.com\/wp-content\/uploads\/2025\/10\/Life-Insurance-Section.png 1000w, https:\/\/insuranceandfinance-mp.com\/wp-content\/uploads\/2025\/10\/Life-Insurance-Section-300x226.png 300w, https:\/\/insuranceandfinance-mp.com\/wp-content\/uploads\/2025\/10\/Life-Insurance-Section-768x578.png 768w\" sizes=\"(max-width: 800px) 100vw, 800px\" \/>\t\t\t\t\t\t\t\t\t\t\t\t\t\t\t<\/div>\n\t\t\t\t<\/div>\n\t\t\t\t\t<\/div>\n\t\t\t\t<\/div>\n\t\t\t\t<\/div>","protected":false},"excerpt":{"rendered":"<p>Protect your future, empower your finances. Maribel Pike Life Insurance Protect what matters most: your family. As a life insurance agent, I help you design a plan that fits your goals and budget, offering stability and peace of mind. Whether your priority is covering family expenses, a mortgage, or leaving a legacy, I\u2019ll show you [&hellip;]<\/p>","protected":false},"author":1,"featured_media":0,"parent":0,"menu_order":0,"comment_status":"closed","ping_status":"closed","template":"","meta":{"_joinchat":[],"footnotes":""},"class_list":["post-288","page","type-page","status-publish","hentry"],"_links":{"self":[{"href":"https:\/\/insuranceandfinance-mp.com\/es\/wp-json\/wp\/v2\/pages\/288","targetHints":{"allow":["GET"]}}],"collection":[{"href":"https:\/\/insuranceandfinance-mp.com\/es\/wp-json\/wp\/v2\/pages"}],"about":[{"href":"https:\/\/insuranceandfinance-mp.com\/es\/wp-json\/wp\/v2\/types\/page"}],"author":[{"embeddable":true,"href":"https:\/\/insuranceandfinance-mp.com\/es\/wp-json\/wp\/v2\/users\/1"}],"replies":[{"embeddable":true,"href":"https:\/\/insuranceandfinance-mp.com\/es\/wp-json\/wp\/v2\/comments?post=288"}],"version-history":[{"count":22,"href":"https:\/\/insuranceandfinance-mp.com\/es\/wp-json\/wp\/v2\/pages\/288\/revisions"}],"predecessor-version":[{"id":744,"href":"https:\/\/insuranceandfinance-mp.com\/es\/wp-json\/wp\/v2\/pages\/288\/revisions\/744"}],"wp:attachment":[{"href":"https:\/\/insuranceandfinance-mp.com\/es\/wp-json\/wp\/v2\/media?parent=288"}],"curies":[{"name":"wp","href":"https:\/\/api.w.org\/{rel}","templated":true}]}}