{"id":282,"date":"2025-10-29T22:26:32","date_gmt":"2025-10-29T22:26:32","guid":{"rendered":"https:\/\/insuranceandfinance-mp.com\/?page_id=282"},"modified":"2025-11-07T17:58:04","modified_gmt":"2025-11-07T17:58:04","slug":"business-strategies","status":"publish","type":"page","link":"https:\/\/insuranceandfinance-mp.com\/es\/business-strategies\/","title":{"rendered":"Estrategias empresariales"},"content":{"rendered":"<div data-elementor-type=\"wp-page\" data-elementor-id=\"282\" class=\"elementor elementor-282\" data-elementor-post-type=\"page\">\n\t\t\t\t<div class=\"elementor-element elementor-element-4aae46aa e-flex e-con-boxed e-con e-parent\" data-id=\"4aae46aa\" data-element_type=\"container\" data-settings=\"{&quot;background_background&quot;:&quot;classic&quot;}\">\n\t\t\t\t\t<div class=\"e-con-inner\">\n\t\t<div class=\"elementor-element elementor-element-548acb45 e-flex e-con-boxed elementor-invisible e-con e-child\" data-id=\"548acb45\" data-element_type=\"container\" data-settings=\"{&quot;background_background&quot;:&quot;classic&quot;,&quot;animation&quot;:&quot;fadeInUp&quot;}\">\n\t\t\t\t\t<div class=\"e-con-inner\">\n\t\t\t\t<div class=\"elementor-element elementor-element-350fe86e elementor-widget elementor-widget-heading\" data-id=\"350fe86e\" data-element_type=\"widget\" data-widget_type=\"heading.default\">\n\t\t\t\t\t<h1 class=\"elementor-heading-title elementor-size-default\">Estrategias empresariales<\/h1>\t\t\t\t<\/div>\n\t\t\t\t<div class=\"elementor-element elementor-element-676000f0 elementor-widget elementor-widget-heading\" data-id=\"676000f0\" data-element_type=\"widget\" data-widget_type=\"heading.default\">\n\t\t\t\t\t<h4 class=\"elementor-heading-title elementor-size-default\">Protege tu futuro, toma el control de tus finanzas.\n\n\n\n<\/h4>\t\t\t\t<\/div>\n\t\t\t\t\t<\/div>\n\t\t\t\t<\/div>\n\t\t\t\t\t<\/div>\n\t\t\t\t<\/div>\n\t\t<div class=\"elementor-element elementor-element-4ef3ed37 e-flex e-con-boxed e-con e-parent\" data-id=\"4ef3ed37\" data-element_type=\"container\">\n\t\t\t\t\t<div class=\"e-con-inner\">\n\t\t<div class=\"elementor-element elementor-element-65d27f3a e-con-full e-flex elementor-invisible e-con e-child\" data-id=\"65d27f3a\" data-element_type=\"container\" data-settings=\"{&quot;animation&quot;:&quot;fadeInLeft&quot;}\">\n\t\t\t\t<div class=\"elementor-element elementor-element-4b35d443 elementor-widget elementor-widget-heading\" data-id=\"4b35d443\" data-element_type=\"widget\" data-widget_type=\"heading.default\">\n\t\t\t\t\t<h6 class=\"elementor-heading-title elementor-size-default\">Maribel Pike<\/h6>\t\t\t\t<\/div>\n\t\t\t\t<div class=\"elementor-element elementor-element-4d6eb3c6 elementor-widget elementor-widget-heading\" data-id=\"4d6eb3c6\" data-element_type=\"widget\" data-widget_type=\"heading.default\">\n\t\t\t\t\t<h2 class=\"elementor-heading-title elementor-size-default\">Estrategias empresariales <\/h2>\t\t\t\t<\/div>\n\t\t\t\t<div class=\"elementor-element elementor-element-4e44d02 elementor-widget elementor-widget-heading\" data-id=\"4e44d02\" data-element_type=\"widget\" data-widget_type=\"heading.default\">\n\t\t\t\t\t<div class=\"elementor-heading-title elementor-size-default\">Impulsa tu negocio con inteligencia financiera. Apoyo a emprendedores y due\u00f1os de peque\u00f1as empresas con estrategias personalizadas que fortalecen sus finanzas, protegen sus ingresos e impulsan el crecimiento a largo plazo. Desde seguros empresariales hasta planificaci\u00f3n fiscal y de jubilaci\u00f3n, te ayudo a tomar decisiones que te lleven al \u00e9xito a ti y a tu equipo.\n\n<\/div>\t\t\t\t<\/div>\n\t\t\t\t<div class=\"elementor-element elementor-element-b3c43fc elementor-widget elementor-widget-global elementor-global-594 elementor-widget-button\" data-id=\"b3c43fc\" data-element_type=\"widget\" data-widget_type=\"button.default\">\n\t\t\t\t\t\t\t\t\t\t<a class=\"elementor-button elementor-button-link elementor-size-sm\" href=\"https:\/\/api.whatsapp.com\/send\/?phone=12533106415&#038;text&#038;type=phone_number&#038;app_absent=0\">\n\t\t\t\t\t\t<span class=\"elementor-button-content-wrapper\">\n\t\t\t\t\t\t<span class=\"elementor-button-icon\">\n\t\t\t\t<i aria-hidden=\"true\" class=\"icon icon-whatsapp-1\"><\/i>\t\t\t<\/span>\n\t\t\t\t\t\t\t\t\t<span class=\"elementor-button-text\">253 310 6415<\/span>\n\t\t\t\t\t<\/span>\n\t\t\t\t\t<\/a>\n\t\t\t\t\t\t\t\t<\/div>\n\t\t\t\t<\/div>\n\t\t<div class=\"elementor-element elementor-element-2ff9557c e-con-full e-flex elementor-invisible e-con e-child\" data-id=\"2ff9557c\" data-element_type=\"container\" data-settings=\"{&quot;animation&quot;:&quot;bounceInUp&quot;}\">\n\t\t\t\t<div class=\"elementor-element elementor-element-40f313b0 elementor-widget elementor-widget-image\" data-id=\"40f313b0\" data-element_type=\"widget\" data-widget_type=\"image.default\">\n\t\t\t\t\t\t\t\t\t\t\t\t\t\t\t<img fetchpriority=\"high\" decoding=\"async\" width=\"800\" height=\"600\" src=\"https:\/\/insuranceandfinance-mp.com\/wp-content\/uploads\/2025\/10\/Business-Strategies-Seccion.jpg\" class=\"attachment-large size-large wp-image-345\" alt=\"\" srcset=\"https:\/\/insuranceandfinance-mp.com\/wp-content\/uploads\/2025\/10\/Business-Strategies-Seccion.jpg 1000w, https:\/\/insuranceandfinance-mp.com\/wp-content\/uploads\/2025\/10\/Business-Strategies-Seccion-300x225.jpg 300w, https:\/\/insuranceandfinance-mp.com\/wp-content\/uploads\/2025\/10\/Business-Strategies-Seccion-768x576.jpg 768w\" sizes=\"(max-width: 800px) 100vw, 800px\" \/>\t\t\t\t\t\t\t\t\t\t\t\t\t\t\t<\/div>\n\t\t\t\t<\/div>\n\t\t\t\t\t<\/div>\n\t\t\t\t<\/div>\n\t\t\t\t<\/div>","protected":false},"excerpt":{"rendered":"<p>Protect your future, empower your finances. Maribel Pike Business Strategies Grow your business with financial intelligence. I support entrepreneurs and small business owners with customized strategies that strengthen finances, protect income, and boost long-term growth. From business insurance to retirement and tax planning, I help you make decisions that drive success for you and your [&hellip;]<\/p>","protected":false},"author":1,"featured_media":0,"parent":0,"menu_order":0,"comment_status":"closed","ping_status":"closed","template":"","meta":{"_joinchat":[],"footnotes":""},"class_list":["post-282","page","type-page","status-publish","hentry"],"_links":{"self":[{"href":"https:\/\/insuranceandfinance-mp.com\/es\/wp-json\/wp\/v2\/pages\/282","targetHints":{"allow":["GET"]}}],"collection":[{"href":"https:\/\/insuranceandfinance-mp.com\/es\/wp-json\/wp\/v2\/pages"}],"about":[{"href":"https:\/\/insuranceandfinance-mp.com\/es\/wp-json\/wp\/v2\/types\/page"}],"author":[{"embeddable":true,"href":"https:\/\/insuranceandfinance-mp.com\/es\/wp-json\/wp\/v2\/users\/1"}],"replies":[{"embeddable":true,"href":"https:\/\/insuranceandfinance-mp.com\/es\/wp-json\/wp\/v2\/comments?post=282"}],"version-history":[{"count":16,"href":"https:\/\/insuranceandfinance-mp.com\/es\/wp-json\/wp\/v2\/pages\/282\/revisions"}],"predecessor-version":[{"id":756,"href":"https:\/\/insuranceandfinance-mp.com\/es\/wp-json\/wp\/v2\/pages\/282\/revisions\/756"}],"wp:attachment":[{"href":"https:\/\/insuranceandfinance-mp.com\/es\/wp-json\/wp\/v2\/media?parent=282"}],"curies":[{"name":"wp","href":"https:\/\/api.w.org\/{rel}","templated":true}]}}