{"id":279,"date":"2025-10-29T22:26:50","date_gmt":"2025-10-29T22:26:50","guid":{"rendered":"https:\/\/insuranceandfinance-mp.com\/?page_id=279"},"modified":"2025-11-07T17:57:51","modified_gmt":"2025-11-07T17:57:51","slug":"financial-education","status":"publish","type":"page","link":"https:\/\/insuranceandfinance-mp.com\/es\/financial-education\/","title":{"rendered":"Educaci\u00f3n financiera"},"content":{"rendered":"<div data-elementor-type=\"wp-page\" data-elementor-id=\"279\" class=\"elementor elementor-279\" data-elementor-post-type=\"page\">\n\t\t\t\t<div class=\"elementor-element elementor-element-2250460b e-flex e-con-boxed e-con e-parent\" data-id=\"2250460b\" data-element_type=\"container\" data-settings=\"{&quot;background_background&quot;:&quot;classic&quot;}\">\n\t\t\t\t\t<div class=\"e-con-inner\">\n\t\t<div class=\"elementor-element elementor-element-4a2f3aa5 e-flex e-con-boxed elementor-invisible e-con e-child\" data-id=\"4a2f3aa5\" data-element_type=\"container\" data-settings=\"{&quot;background_background&quot;:&quot;classic&quot;,&quot;animation&quot;:&quot;fadeInUp&quot;}\">\n\t\t\t\t\t<div class=\"e-con-inner\">\n\t\t\t\t<div class=\"elementor-element elementor-element-73e9be0d elementor-widget elementor-widget-heading\" data-id=\"73e9be0d\" data-element_type=\"widget\" data-widget_type=\"heading.default\">\n\t\t\t\t\t<h1 class=\"elementor-heading-title elementor-size-default\">Educaci\u00f3n financiera<\/h1>\t\t\t\t<\/div>\n\t\t\t\t<div class=\"elementor-element elementor-element-2c54f4f2 elementor-widget elementor-widget-heading\" data-id=\"2c54f4f2\" data-element_type=\"widget\" data-widget_type=\"heading.default\">\n\t\t\t\t\t<h4 class=\"elementor-heading-title elementor-size-default\">Protege tu futuro, toma el control de tus finanzas.\n\n\n\n<\/h4>\t\t\t\t<\/div>\n\t\t\t\t\t<\/div>\n\t\t\t\t<\/div>\n\t\t\t\t\t<\/div>\n\t\t\t\t<\/div>\n\t\t<div class=\"elementor-element elementor-element-420a856b e-flex e-con-boxed e-con e-parent\" data-id=\"420a856b\" data-element_type=\"container\">\n\t\t\t\t\t<div class=\"e-con-inner\">\n\t\t<div class=\"elementor-element elementor-element-73799ac0 e-con-full e-flex elementor-invisible e-con e-child\" data-id=\"73799ac0\" data-element_type=\"container\" data-settings=\"{&quot;animation&quot;:&quot;fadeInLeft&quot;}\">\n\t\t\t\t<div class=\"elementor-element elementor-element-7f8b7c3e elementor-widget elementor-widget-heading\" data-id=\"7f8b7c3e\" data-element_type=\"widget\" data-widget_type=\"heading.default\">\n\t\t\t\t\t<h6 class=\"elementor-heading-title elementor-size-default\">Maribel Pike<\/h6>\t\t\t\t<\/div>\n\t\t\t\t<div class=\"elementor-element elementor-element-61ebbafd elementor-widget elementor-widget-heading\" data-id=\"61ebbafd\" data-element_type=\"widget\" data-widget_type=\"heading.default\">\n\t\t\t\t\t<h2 class=\"elementor-heading-title elementor-size-default\">Educaci\u00f3n financiera <\/h2>\t\t\t\t<\/div>\n\t\t\t\t<div class=\"elementor-element elementor-element-666248b7 elementor-widget elementor-widget-heading\" data-id=\"666248b7\" data-element_type=\"widget\" data-widget_type=\"heading.default\">\n\t\t\t\t\t<div class=\"elementor-heading-title elementor-size-default\">Tu futuro comienza con el conocimiento. A trav\u00e9s de talleres, mentor\u00edas y sesiones individuales, te ense\u00f1o los principios esenciales para una gesti\u00f3n financiera inteligente. Aprender\u00e1s a presupuestar, ahorrar, invertir y proteger tus activos con estrategias sencillas y efectivas. Mi objetivo es empoderarte para que tomes decisiones informadas y alcances la independencia financiera.\n<\/div>\t\t\t\t<\/div>\n\t\t\t\t<div class=\"elementor-element elementor-element-d2f2d4e elementor-widget elementor-widget-global elementor-global-594 elementor-widget-button\" data-id=\"d2f2d4e\" data-element_type=\"widget\" data-widget_type=\"button.default\">\n\t\t\t\t\t\t\t\t\t\t<a class=\"elementor-button elementor-button-link elementor-size-sm\" href=\"https:\/\/api.whatsapp.com\/send\/?phone=12533106415&#038;text&#038;type=phone_number&#038;app_absent=0\">\n\t\t\t\t\t\t<span class=\"elementor-button-content-wrapper\">\n\t\t\t\t\t\t<span class=\"elementor-button-icon\">\n\t\t\t\t<i aria-hidden=\"true\" class=\"icon icon-whatsapp-1\"><\/i>\t\t\t<\/span>\n\t\t\t\t\t\t\t\t\t<span class=\"elementor-button-text\">253 310 6415<\/span>\n\t\t\t\t\t<\/span>\n\t\t\t\t\t<\/a>\n\t\t\t\t\t\t\t\t<\/div>\n\t\t\t\t<\/div>\n\t\t<div class=\"elementor-element elementor-element-18adfdc e-con-full e-flex elementor-invisible e-con e-child\" data-id=\"18adfdc\" data-element_type=\"container\" data-settings=\"{&quot;animation&quot;:&quot;bounceInUp&quot;}\">\n\t\t\t\t<div class=\"elementor-element elementor-element-49c8eb8d elementor-widget elementor-widget-image\" data-id=\"49c8eb8d\" data-element_type=\"widget\" data-widget_type=\"image.default\">\n\t\t\t\t\t\t\t\t\t\t\t\t\t\t\t<img fetchpriority=\"high\" decoding=\"async\" width=\"800\" height=\"600\" src=\"https:\/\/insuranceandfinance-mp.com\/wp-content\/uploads\/2025\/10\/Financial-Education-Seccion.jpg\" class=\"attachment-large size-large wp-image-347\" alt=\"\" srcset=\"https:\/\/insuranceandfinance-mp.com\/wp-content\/uploads\/2025\/10\/Financial-Education-Seccion.jpg 1000w, https:\/\/insuranceandfinance-mp.com\/wp-content\/uploads\/2025\/10\/Financial-Education-Seccion-300x225.jpg 300w, https:\/\/insuranceandfinance-mp.com\/wp-content\/uploads\/2025\/10\/Financial-Education-Seccion-768x576.jpg 768w\" sizes=\"(max-width: 800px) 100vw, 800px\" \/>\t\t\t\t\t\t\t\t\t\t\t\t\t\t\t<\/div>\n\t\t\t\t<\/div>\n\t\t\t\t\t<\/div>\n\t\t\t\t<\/div>\n\t\t\t\t<\/div>","protected":false},"excerpt":{"rendered":"<p>Protect your future, empower your finances. Maribel Pike Financial Education Your future begins with knowledge. Through workshops, mentoring, and one-on-one sessions, I teach the essential principles of smart money management. You\u2019ll learn how to budget, save, invest, and protect your assets with simple and effective strategies. My goal is to empower you to make informed [&hellip;]<\/p>","protected":false},"author":1,"featured_media":0,"parent":0,"menu_order":0,"comment_status":"closed","ping_status":"closed","template":"","meta":{"_joinchat":[],"footnotes":""},"class_list":["post-279","page","type-page","status-publish","hentry"],"_links":{"self":[{"href":"https:\/\/insuranceandfinance-mp.com\/es\/wp-json\/wp\/v2\/pages\/279","targetHints":{"allow":["GET"]}}],"collection":[{"href":"https:\/\/insuranceandfinance-mp.com\/es\/wp-json\/wp\/v2\/pages"}],"about":[{"href":"https:\/\/insuranceandfinance-mp.com\/es\/wp-json\/wp\/v2\/types\/page"}],"author":[{"embeddable":true,"href":"https:\/\/insuranceandfinance-mp.com\/es\/wp-json\/wp\/v2\/users\/1"}],"replies":[{"embeddable":true,"href":"https:\/\/insuranceandfinance-mp.com\/es\/wp-json\/wp\/v2\/comments?post=279"}],"version-history":[{"count":16,"href":"https:\/\/insuranceandfinance-mp.com\/es\/wp-json\/wp\/v2\/pages\/279\/revisions"}],"predecessor-version":[{"id":750,"href":"https:\/\/insuranceandfinance-mp.com\/es\/wp-json\/wp\/v2\/pages\/279\/revisions\/750"}],"wp:attachment":[{"href":"https:\/\/insuranceandfinance-mp.com\/es\/wp-json\/wp\/v2\/media?parent=279"}],"curies":[{"name":"wp","href":"https:\/\/api.w.org\/{rel}","templated":true}]}}